{"id":7274,"date":"2023-05-02T14:38:09","date_gmt":"2023-05-02T12:38:09","guid":{"rendered":"https:\/\/ferienwohnung-trier-heide.de\/datenschutzerklaerung-eu\/"},"modified":"2023-05-02T14:54:36","modified_gmt":"2023-05-02T12:54:36","slug":"datenschutzerklaerung-eu","status":"publish","type":"page","link":"https:\/\/ferienwohnung-trier-heide.de\/en\/datenschutzerklaerung-eu\/","title":{"rendered":"Datenschutzerkl\u00e4rung (EU)"},"content":{"rendered":"<div class=\"entry-content\">\n<div class=\"container dw_content_container\" id=\"hiddenheadline\">\n<div class=\"row\">\n<div class=\"col-md-12\">\n<h1 class=\"hiddenheadline\">Privacy Policy<\/h1>\n<\/p><\/div>\n<\/p><\/div>\n<\/p><\/div>\n<div class=\"dw_content_container dw_full_width_content container \">\n<div class=\"row\">\n<div class=\"col-md-12\">\n<div class=\"element_volltext dw_element\">\n<div class=\"volltext\">\n<p><!-- Legal document generated by Complianz | GDPR\/CCPA Cookie Consent https:\/\/wordpress.org\/plugins\/complianz-gdpr --><\/p>\n<div id=\"cmplz-document\" class=\"cmplz-document privacy-statement\">\n<p><i>Diese Datenschutzerkl\u00e4rung wurde zuletzt aktualisiert am 2. Mai 2023 und gilt f\u00fcr B\u00fcrger und rechtm\u00e4\u00dfige st\u00e4ndige Einwohner des Europ\u00e4ischen Wirtschaftsraums.<\/i><\/p>\n<p><p>In dieser Datenschutzerkl\u00e4rung erkl\u00e4ren wir was wir mit den Daten, die wir \u00fcber dich via <a href=\"https:\/\/ferienwohnung-trier-heide.de\">https:\/\/ferienwohnung-trier-heide.de<\/a> gesammelt haben, tun. Wir empfehlen dir, dieses Dokument sorgf\u00e4ltig zu lesen. W\u00e4hrend unserer Verarbeitung entsprechen wir den gesetzlichen Anforderungen. Dies bedeutet unter anderem:<\/p>\n<ul>\n<li>Wir geben klar die Zwecke f\u00fcr dir wir pers\u00f6nliche Daten verarbeiten an. Dies geschieht durch diese Datenschutzerkl\u00e4rung.<\/li>\n<li>Wir zielen darauf ab unsere Sammlung von pers\u00f6nlichen Daten auf jene pers\u00f6nliche Daten zu beschr\u00e4nken die aus legitimen Gr\u00fcnden ben\u00f6tigt werden.<\/li>\n<li>Wir werden zun\u00e4chst dein explizites Einverst\u00e4ndnis einholen, wenn dies notwendig sein sollte, um deine pers\u00f6nlichen Daten zu verarbeiten.<\/li>\n<li>Wir unternehmen angemessene Sicherheitsma\u00dfnahmen um deine pers\u00f6nlichen Daten zu sch\u00fctzen und verlangen dies ebenso von Parteien, die pers\u00f6nliche Daten in unserem Auftrag verarbeiten.<\/li>\n<li>Wir respektieren dein Recht auf Einsichtnahme, Berichtigung oder L\u00f6schung deiner personenbezogenen Daten.<\/li>\n<\/ul>\n<p>Wenn du Fragen hast oder wissen m\u00f6chtest, welche pers\u00f6nlichen Daten wir \u00fcber dich haben, kontaktiere uns bitte.<\/p>\n<\/p>\n<h2>1. Cookies<\/h2>\n<p>Unsere Website benutzt Cookies. F\u00fcr mehr Informationen \u00fcber Cookies schaue bitte unter unseren <a href=\"https:\/\/ferienwohnung-trier-heide.de\/en\/datenschutzerklaerung-eu\/\">Cookie-Richtlinien<\/a> nach.&nbsp;&nbsp;<\/p>\n<h2>2. Sicherheit<\/h2>\n<p>Wir sind der Sicherheit pers\u00f6nlicher Daten verpflichtet. Wir unternehmen angemessene Sicherheitsma\u00dfnahmen um Missbrauch von und unauthorisierten Zugriff auf pers\u00f6nliche Daten zu begrenzen. Dies stellt sicher, dass nur notwendige Personen Zugriff auf deine Daten erhalten, dieser Zugriff gesch\u00fctzt ist und dass unsere Sicherheitsma\u00dfnahmen regelm\u00e4\u00dfig gepr\u00fcft werden.&nbsp;<\/p>\n<h2>3. Websites von Drittanbietern<\/h2>\n<p>Diese Datenschutzerkl\u00e4rung gilt nicht f\u00fcr Websites von Drittparteien, die durch Links auf unserer Website verbunden sind. Wir k\u00f6nnen nicht garantieren, dass diese Drittanbieter deine pers\u00f6nlichen Daten in verl\u00e4sslicher oder sicherer Weise behandeln. Wir empfehlen dir die Datenschutzerkl\u00e4rungen dieser Websites vor deren Nutzung zu lesen.&nbsp;<\/p>\n<h2>4. Erg\u00e4nzungen zu dieser Datenschutzerkl\u00e4rung<\/h2>\n<p>Wir behalten uns das Recht vor, \u00c4nderungen an dieser Datenschutzerkl\u00e4rung vorzunehmen. Es wird empfohlen, diese Datenschutzerkl\u00e4rung regelm\u00e4\u00dfig zu lesen, um sich \u00fcber \u00c4nderungen zu informieren. Dar\u00fcber hinaus informieren wir dich wo immer m\u00f6glich.&nbsp;<\/p>\n<h2>5. Zugriff und Bearbeitung deiner Daten<\/h2>\n<p>Wenn du Fragen hast oder wissen m\u00f6chtest, welche pers\u00f6nlichen Daten wir \u00fcber dich haben, kontaktiere uns bitte. Du kannst uns mittels der unten stehenden Informationen erreichen. Du hast die folgenden Rechte:<\/p>\n<ul>\n<li>Du hast das Recht zu wissen, warum deine pers\u00f6nlichen Daten gebraucht werden, was mit ihnen passiert und wie lange diese verwahrt werden.<\/li>\n<li>Zugriffsrecht: Du hast das Recht deine uns bekannten pers\u00f6nliche Daten einzusehen.<\/li>\n<li>Recht auf Berichtigung: Du hast das Recht wann immer du w\u00fcnscht, deine pers\u00f6nlichen Daten zu erg\u00e4nzen, zu korrigieren sowie gel\u00f6scht oder blockiert zu bekommen.<\/li>\n<li>Wenn du uns dein Einverst\u00e4ndnis zur Verarbeitung deiner Daten gegeben hast, hast du das Recht dieses Einverst\u00e4ndnis zu widerrufen und deine pers\u00f6nlichen Daten l\u00f6schen zu lassen.<\/li>\n<li>Recht auf Datentransfer deiner Daten: Du hast das Recht, alle deine pers\u00f6nlichen Daten von einem Verantwortlichen anzufordern und in ihrer Gesamtheit zu einem anderen Verantwortlichen zu transferieren.<\/li>\n<li>Widerspruchsrecht: Du kannst der Verarbeitung deiner Daten widersprechen. Wir entsprechen dem, es sei denn es gibt berechtigte Gr\u00fcnde f\u00fcr die Verarbeitung.<\/li>\n<\/ul>\n<p>Bitte stelle sicher, dass du immer klar angibst,  wer du bist, sodass wir sicher sein k\u00f6nnen nicht die Daten der falschen Person zu bearbeiten oder zu l\u00f6schen.<\/p>\n<p>&nbsp;<\/p>\n<h2>6. Eine Beschwerde \u00fcbermitteln<\/h2>\n<p>Wenn du nicht zufrieden mit der Art und Weise bist, in der wir (deine Beschwerde) die Verarbeitung deiner pers\u00f6nlichen Daten handhaben, hast du das Recht eine Beschwerde an die Datenschutzbeh\u00f6rde zu richten.&nbsp;<\/p>\n<h2>7. Kontaktdaten<\/h2>\n<p>Fereinwohnung Trierer Heide<br \/>\n        Hintere Heide 1<br \/>\n54293 Trier<br \/>\nTel:   +49 175 \u2013 6267 8097<br \/>\n        Deutschland<br \/>\n        Website: <a href=\"https:\/\/ferienwohnung-trier-heide.de\">https:\/\/ferienwohnung-trier-heide.de<\/a> <br \/>\n        E-Mail: <a href=\"mailto:by_b&#x65;at&#064;&#104;&#111;&#116;ma&#x69;l&#046;c&#111;m\">by_b&#x65;at&#064;&#104;&#111;&#116;ma&#x69;l&#046;c&#111;m<\/a> \n        <\/p>\n<\/div><\/div>\n<\/p><\/div>\n<\/p><\/div>\n<\/p><\/div>\n<\/p><\/div>\n<\/p><\/div>\n","protected":false},"excerpt":{"rendered":"<p>Privacy Policy Diese Datenschutzerkl\u00e4rung wurde zuletzt aktualisiert am 2. Mai 2023 und gilt f\u00fcr B\u00fcrger und rechtm\u00e4\u00dfige st\u00e4ndige Einwohner des Europ\u00e4ischen Wirtschaftsraums. In dieser Datenschutzerkl\u00e4rung erkl\u00e4ren wir was wir mit den Daten, die wir \u00fcber dich via https:\/\/ferienwohnung-trier-heide.de gesammelt haben, tun. Wir empfehlen dir, dieses Dokument sorgf\u00e4ltig zu lesen. W\u00e4hrend unserer Verarbeitung entsprechen wir den [&hellip;]<\/p>\n","protected":false},"author":1,"featured_media":0,"parent":0,"menu_order":0,"comment_status":"closed","ping_status":"closed","template":"","meta":[],"acf":[],"yoast_head":"<!-- This site is optimized with the Yoast SEO plugin v20.9 - https:\/\/yoast.com\/wordpress\/plugins\/seo\/ -->\n<title>Datenschutzerkl\u00e4rung (EU) | Ferienwohnung Trier Heide<\/title>\n<meta name=\"robots\" content=\"index, follow, max-snippet:-1, max-image-preview:large, max-video-preview:-1\" \/>\n<link rel=\"canonical\" href=\"https:\/\/ferienwohnung-trier-heide.de\/en\/datenschutzerklaerung-eu\/\" \/>\n<meta property=\"og:locale\" content=\"en_US\" \/>\n<meta property=\"og:type\" content=\"article\" \/>\n<meta property=\"og:title\" content=\"Datenschutzerkl\u00e4rung (EU) | Ferienwohnung Trier Heide\" \/>\n<meta property=\"og:description\" content=\"Privacy Policy Diese Datenschutzerkl\u00e4rung wurde zuletzt aktualisiert am 2. Mai 2023 und gilt f\u00fcr B\u00fcrger und rechtm\u00e4\u00dfige st\u00e4ndige Einwohner des Europ\u00e4ischen Wirtschaftsraums. In dieser Datenschutzerkl\u00e4rung erkl\u00e4ren wir was wir mit den Daten, die wir \u00fcber dich via https:\/\/ferienwohnung-trier-heide.de gesammelt haben, tun. Wir empfehlen dir, dieses Dokument sorgf\u00e4ltig zu lesen. W\u00e4hrend unserer Verarbeitung entsprechen wir den [&hellip;]\" \/>\n<meta property=\"og:url\" content=\"https:\/\/ferienwohnung-trier-heide.de\/en\/datenschutzerklaerung-eu\/\" \/>\n<meta property=\"og:site_name\" content=\"Ferienwohnung Trier Heide\" \/>\n<meta property=\"article:modified_time\" content=\"2023-05-02T12:54:36+00:00\" \/>\n<meta name=\"twitter:card\" content=\"summary_large_image\" \/>\n<script type=\"application\/ld+json\" class=\"yoast-schema-graph\">{\"@context\":\"https:\/\/schema.org\",\"@graph\":[{\"@type\":\"WebPage\",\"@id\":\"https:\/\/ferienwohnung-trier-heide.de\/en\/datenschutzerklaerung-eu\/\",\"url\":\"https:\/\/ferienwohnung-trier-heide.de\/en\/datenschutzerklaerung-eu\/\",\"name\":\"Datenschutzerkl\u00e4rung (EU) | Ferienwohnung Trier Heide\",\"isPartOf\":{\"@id\":\"https:\/\/ferienwohnung-trier-heide.de\/#website\"},\"datePublished\":\"2023-05-02T12:38:09+00:00\",\"dateModified\":\"2023-05-02T12:54:36+00:00\",\"breadcrumb\":{\"@id\":\"https:\/\/ferienwohnung-trier-heide.de\/en\/datenschutzerklaerung-eu\/#breadcrumb\"},\"inLanguage\":\"en-US\",\"potentialAction\":[{\"@type\":\"ReadAction\",\"target\":[\"https:\/\/ferienwohnung-trier-heide.de\/en\/datenschutzerklaerung-eu\/\"]}]},{\"@type\":\"BreadcrumbList\",\"@id\":\"https:\/\/ferienwohnung-trier-heide.de\/en\/datenschutzerklaerung-eu\/#breadcrumb\",\"itemListElement\":[{\"@type\":\"ListItem\",\"position\":1,\"name\":\"Home\",\"item\":\"https:\/\/ferienwohnung-trier-heide.de\/en\/frontpage\/\"},{\"@type\":\"ListItem\",\"position\":2,\"name\":\"Datenschutzerkl\u00e4rung (EU)\"}]},{\"@type\":\"WebSite\",\"@id\":\"https:\/\/ferienwohnung-trier-heide.de\/#website\",\"url\":\"https:\/\/ferienwohnung-trier-heide.de\/\",\"name\":\"Ferienwohnung Trier Heide\",\"description\":\"\",\"potentialAction\":[{\"@type\":\"SearchAction\",\"target\":{\"@type\":\"EntryPoint\",\"urlTemplate\":\"https:\/\/ferienwohnung-trier-heide.de\/?s={search_term_string}\"},\"query-input\":\"required name=search_term_string\"}],\"inLanguage\":\"en-US\"}]}<\/script>\n<!-- \/ Yoast SEO plugin. -->","yoast_head_json":{"title":"Datenschutzerkl\u00e4rung (EU) | Ferienwohnung Trier Heide","robots":{"index":"index","follow":"follow","max-snippet":"max-snippet:-1","max-image-preview":"max-image-preview:large","max-video-preview":"max-video-preview:-1"},"canonical":"https:\/\/ferienwohnung-trier-heide.de\/en\/datenschutzerklaerung-eu\/","og_locale":"en_US","og_type":"article","og_title":"Datenschutzerkl\u00e4rung (EU) | Ferienwohnung Trier Heide","og_description":"Privacy Policy Diese Datenschutzerkl\u00e4rung wurde zuletzt aktualisiert am 2. Mai 2023 und gilt f\u00fcr B\u00fcrger und rechtm\u00e4\u00dfige st\u00e4ndige Einwohner des Europ\u00e4ischen Wirtschaftsraums. In dieser Datenschutzerkl\u00e4rung erkl\u00e4ren wir was wir mit den Daten, die wir \u00fcber dich via https:\/\/ferienwohnung-trier-heide.de gesammelt haben, tun. Wir empfehlen dir, dieses Dokument sorgf\u00e4ltig zu lesen. W\u00e4hrend unserer Verarbeitung entsprechen wir den [&hellip;]","og_url":"https:\/\/ferienwohnung-trier-heide.de\/en\/datenschutzerklaerung-eu\/","og_site_name":"Ferienwohnung Trier Heide","article_modified_time":"2023-05-02T12:54:36+00:00","twitter_card":"summary_large_image","schema":{"@context":"https:\/\/schema.org","@graph":[{"@type":"WebPage","@id":"https:\/\/ferienwohnung-trier-heide.de\/en\/datenschutzerklaerung-eu\/","url":"https:\/\/ferienwohnung-trier-heide.de\/en\/datenschutzerklaerung-eu\/","name":"Datenschutzerkl\u00e4rung (EU) | Ferienwohnung Trier Heide","isPartOf":{"@id":"https:\/\/ferienwohnung-trier-heide.de\/#website"},"datePublished":"2023-05-02T12:38:09+00:00","dateModified":"2023-05-02T12:54:36+00:00","breadcrumb":{"@id":"https:\/\/ferienwohnung-trier-heide.de\/en\/datenschutzerklaerung-eu\/#breadcrumb"},"inLanguage":"en-US","potentialAction":[{"@type":"ReadAction","target":["https:\/\/ferienwohnung-trier-heide.de\/en\/datenschutzerklaerung-eu\/"]}]},{"@type":"BreadcrumbList","@id":"https:\/\/ferienwohnung-trier-heide.de\/en\/datenschutzerklaerung-eu\/#breadcrumb","itemListElement":[{"@type":"ListItem","position":1,"name":"Home","item":"https:\/\/ferienwohnung-trier-heide.de\/en\/frontpage\/"},{"@type":"ListItem","position":2,"name":"Datenschutzerkl\u00e4rung (EU)"}]},{"@type":"WebSite","@id":"https:\/\/ferienwohnung-trier-heide.de\/#website","url":"https:\/\/ferienwohnung-trier-heide.de\/","name":"Ferienwohnung Trier Heide","description":"","potentialAction":[{"@type":"SearchAction","target":{"@type":"EntryPoint","urlTemplate":"https:\/\/ferienwohnung-trier-heide.de\/?s={search_term_string}"},"query-input":"required name=search_term_string"}],"inLanguage":"en-US"}]}},"_links":{"self":[{"href":"https:\/\/ferienwohnung-trier-heide.de\/en\/wp-json\/wp\/v2\/pages\/7274"}],"collection":[{"href":"https:\/\/ferienwohnung-trier-heide.de\/en\/wp-json\/wp\/v2\/pages"}],"about":[{"href":"https:\/\/ferienwohnung-trier-heide.de\/en\/wp-json\/wp\/v2\/types\/page"}],"author":[{"embeddable":true,"href":"https:\/\/ferienwohnung-trier-heide.de\/en\/wp-json\/wp\/v2\/users\/1"}],"replies":[{"embeddable":true,"href":"https:\/\/ferienwohnung-trier-heide.de\/en\/wp-json\/wp\/v2\/comments?post=7274"}],"version-history":[{"count":7,"href":"https:\/\/ferienwohnung-trier-heide.de\/en\/wp-json\/wp\/v2\/pages\/7274\/revisions"}],"predecessor-version":[{"id":7291,"href":"https:\/\/ferienwohnung-trier-heide.de\/en\/wp-json\/wp\/v2\/pages\/7274\/revisions\/7291"}],"wp:attachment":[{"href":"https:\/\/ferienwohnung-trier-heide.de\/en\/wp-json\/wp\/v2\/media?parent=7274"}],"curies":[{"name":"wp","href":"https:\/\/api.w.org\/{rel}","templated":true}]}}