{"id":7635,"date":"2018-02-28T09:37:30","date_gmt":"2018-02-28T08:37:30","guid":{"rendered":"https:\/\/ferienwohnung-trier-heide.de\/gaestebuch\/"},"modified":"2023-05-26T14:45:37","modified_gmt":"2023-05-26T12:45:37","slug":"gaestebuch","status":"publish","type":"page","link":"https:\/\/ferienwohnung-trier-heide.de\/en\/gaestebuch\/","title":{"rendered":"Guest book"},"content":{"rendered":"<div class=\"entry-content\">\n<div class=\"container dw_content_container\" id=\"hiddenheadline\">\n<div class=\"row\">\n<div class=\"col-md-12\">\n<h1 class=\"hiddenheadline\">Guest book<\/h1>\n<\/p><\/div>\n<\/p><\/div>\n<\/p><\/div>\n<div class=\"dw_content_container dw_full_width_content container \">\n<div class=\"row\">\n<div class=\"col-md-6\">\n<figure class=\"normal_image_element\">\n<div class=\"element_bild dw_element img_container\">\n                <img width=\"598\" height=\"640\" src=\"https:\/\/ferienwohnung-trier-heide.de\/wp-content\/uploads\/2023\/05\/Gaeste-598x640.jpg\" class=\"img-responsive\" alt=\"\" decoding=\"async\" loading=\"lazy\" srcset=\"https:\/\/ferienwohnung-trier-heide.de\/wp-content\/uploads\/2023\/05\/Gaeste-598x640.jpg 598w, https:\/\/ferienwohnung-trier-heide.de\/wp-content\/uploads\/2023\/05\/Gaeste-280x300.jpg 280w, https:\/\/ferienwohnung-trier-heide.de\/wp-content\/uploads\/2023\/05\/Gaeste-768x823.jpg 768w, https:\/\/ferienwohnung-trier-heide.de\/wp-content\/uploads\/2023\/05\/Gaeste-790x846.jpg 790w, https:\/\/ferienwohnung-trier-heide.de\/wp-content\/uploads\/2023\/05\/Gaeste.jpg 956w\" sizes=\"(max-width: 598px) 100vw, 598px\" \/>\n            <\/div>\n<\/figure>\n<figure class=\"normal_image_element\">\n<div class=\"element_bild dw_element img_container\">\n                <img width=\"797\" height=\"640\" src=\"https:\/\/ferienwohnung-trier-heide.de\/wp-content\/uploads\/2023\/05\/Gast1-797x640.jpg\" class=\"img-responsive\" alt=\"\" decoding=\"async\" loading=\"lazy\" srcset=\"https:\/\/ferienwohnung-trier-heide.de\/wp-content\/uploads\/2023\/05\/Gast1-797x640.jpg 797w, https:\/\/ferienwohnung-trier-heide.de\/wp-content\/uploads\/2023\/05\/Gast1-300x241.jpg 300w, https:\/\/ferienwohnung-trier-heide.de\/wp-content\/uploads\/2023\/05\/Gast1-1024x822.jpg 1024w, https:\/\/ferienwohnung-trier-heide.de\/wp-content\/uploads\/2023\/05\/Gast1-768x617.jpg 768w, https:\/\/ferienwohnung-trier-heide.de\/wp-content\/uploads\/2023\/05\/Gast1-1536x1233.jpg 1536w, https:\/\/ferienwohnung-trier-heide.de\/wp-content\/uploads\/2023\/05\/Gast1-2048x1644.jpg 2048w, https:\/\/ferienwohnung-trier-heide.de\/wp-content\/uploads\/2023\/05\/Gast1-1090x875.jpg 1090w, https:\/\/ferienwohnung-trier-heide.de\/wp-content\/uploads\/2023\/05\/Gast1-1590x1276.jpg 1590w, https:\/\/ferienwohnung-trier-heide.de\/wp-content\/uploads\/2023\/05\/Gast1-790x634.jpg 790w\" sizes=\"(max-width: 797px) 100vw, 797px\" \/>\n            <\/div>\n<\/figure>\n<figure class=\"normal_image_element\">\n<div class=\"element_bild dw_element img_container\">\n                <img width=\"703\" height=\"640\" src=\"https:\/\/ferienwohnung-trier-heide.de\/wp-content\/uploads\/2023\/05\/Gast2-703x640.jpg\" class=\"img-responsive\" alt=\"\" decoding=\"async\" loading=\"lazy\" srcset=\"https:\/\/ferienwohnung-trier-heide.de\/wp-content\/uploads\/2023\/05\/Gast2-703x640.jpg 703w, https:\/\/ferienwohnung-trier-heide.de\/wp-content\/uploads\/2023\/05\/Gast2-300x273.jpg 300w, https:\/\/ferienwohnung-trier-heide.de\/wp-content\/uploads\/2023\/05\/Gast2-1024x932.jpg 1024w, https:\/\/ferienwohnung-trier-heide.de\/wp-content\/uploads\/2023\/05\/Gast2-768x699.jpg 768w, https:\/\/ferienwohnung-trier-heide.de\/wp-content\/uploads\/2023\/05\/Gast2-1536x1398.jpg 1536w, https:\/\/ferienwohnung-trier-heide.de\/wp-content\/uploads\/2023\/05\/Gast2-2048x1864.jpg 2048w, https:\/\/ferienwohnung-trier-heide.de\/wp-content\/uploads\/2023\/05\/Gast2-1090x992.jpg 1090w, https:\/\/ferienwohnung-trier-heide.de\/wp-content\/uploads\/2023\/05\/Gast2-1590x1447.jpg 1590w, https:\/\/ferienwohnung-trier-heide.de\/wp-content\/uploads\/2023\/05\/Gast2-790x719.jpg 790w\" sizes=\"(max-width: 703px) 100vw, 703px\" \/>\n            <\/div>\n<\/figure>\n<figure class=\"normal_image_element\">\n<div class=\"element_bild dw_element img_container\">\n                <img width=\"635\" height=\"640\" src=\"https:\/\/ferienwohnung-trier-heide.de\/wp-content\/uploads\/2023\/05\/Gast3-635x640.jpg\" class=\"img-responsive\" alt=\"\" decoding=\"async\" loading=\"lazy\" srcset=\"https:\/\/ferienwohnung-trier-heide.de\/wp-content\/uploads\/2023\/05\/Gast3-635x640.jpg 635w, https:\/\/ferienwohnung-trier-heide.de\/wp-content\/uploads\/2023\/05\/Gast3-298x300.jpg 298w, https:\/\/ferienwohnung-trier-heide.de\/wp-content\/uploads\/2023\/05\/Gast3-1016x1024.jpg 1016w, https:\/\/ferienwohnung-trier-heide.de\/wp-content\/uploads\/2023\/05\/Gast3-150x150.jpg 150w, https:\/\/ferienwohnung-trier-heide.de\/wp-content\/uploads\/2023\/05\/Gast3-768x774.jpg 768w, https:\/\/ferienwohnung-trier-heide.de\/wp-content\/uploads\/2023\/05\/Gast3-1524x1536.jpg 1524w, https:\/\/ferienwohnung-trier-heide.de\/wp-content\/uploads\/2023\/05\/Gast3-2031x2048.jpg 2031w, https:\/\/ferienwohnung-trier-heide.de\/wp-content\/uploads\/2023\/05\/Gast3-1090x1099.jpg 1090w, https:\/\/ferienwohnung-trier-heide.de\/wp-content\/uploads\/2023\/05\/Gast3-1590x1603.jpg 1590w, https:\/\/ferienwohnung-trier-heide.de\/wp-content\/uploads\/2023\/05\/Gast3-790x796.jpg 790w\" sizes=\"(max-width: 635px) 100vw, 635px\" \/>\n            <\/div>\n<\/figure>\n<figure class=\"normal_image_element\">\n<div class=\"element_bild dw_element img_container\">\n                <img width=\"841\" height=\"640\" src=\"https:\/\/ferienwohnung-trier-heide.de\/wp-content\/uploads\/2023\/05\/Gast4-841x640.jpg\" class=\"img-responsive\" alt=\"\" decoding=\"async\" loading=\"lazy\" srcset=\"https:\/\/ferienwohnung-trier-heide.de\/wp-content\/uploads\/2023\/05\/Gast4-841x640.jpg 841w, https:\/\/ferienwohnung-trier-heide.de\/wp-content\/uploads\/2023\/05\/Gast4-300x228.jpg 300w, https:\/\/ferienwohnung-trier-heide.de\/wp-content\/uploads\/2023\/05\/Gast4-1024x780.jpg 1024w, https:\/\/ferienwohnung-trier-heide.de\/wp-content\/uploads\/2023\/05\/Gast4-768x585.jpg 768w, https:\/\/ferienwohnung-trier-heide.de\/wp-content\/uploads\/2023\/05\/Gast4-1536x1169.jpg 1536w, https:\/\/ferienwohnung-trier-heide.de\/wp-content\/uploads\/2023\/05\/Gast4-2048x1559.jpg 2048w, https:\/\/ferienwohnung-trier-heide.de\/wp-content\/uploads\/2023\/05\/Gast4-1090x830.jpg 1090w, https:\/\/ferienwohnung-trier-heide.de\/wp-content\/uploads\/2023\/05\/Gast4-1590x1210.jpg 1590w, https:\/\/ferienwohnung-trier-heide.de\/wp-content\/uploads\/2023\/05\/Gast4-790x601.jpg 790w\" sizes=\"(max-width: 841px) 100vw, 841px\" \/>\n            <\/div>\n<\/figure><\/div>\n<div class=\"col-md-6\">\n<div class=\"element_volltext dw_element\">\n<div class=\"volltext\">\n<p>Dear guests,<br \/>\ndear friends,<\/p>\n<p>Thank you very much for the great entries in our guestbook. It makes us very much friends to leaf through it from time to time. We are glad that you liked it and we always try to improve a little bit. Thank you also for the suggestions, which we gladly implement.<\/p>\n<p>Best regards<br \/>\nBea &amp; Monty<\/p>\n<\/p><\/div>\n<\/p><\/div>\n<\/p><\/div>\n<\/p><\/div>\n<\/p><\/div>\n<\/p><\/div>\n","protected":false},"excerpt":{"rendered":"<p>Guest book Dear guests, dear friends, Thank you very much for the great entries in our guestbook. It makes us very much friends to leaf through it from time to time. We are glad that you liked it and we always try to improve a little bit. Thank you also for the suggestions, which we [&hellip;]<\/p>\n","protected":false},"author":1,"featured_media":0,"parent":0,"menu_order":0,"comment_status":"closed","ping_status":"closed","template":"","meta":[],"acf":[],"yoast_head":"<!-- This site is optimized with the Yoast SEO plugin v20.9 - https:\/\/yoast.com\/wordpress\/plugins\/seo\/ -->\n<title>Fereinhaus, Ferienwohnung, Trier, G\u00e4stebuch, gl\u00fccklich, zufreiden<\/title>\n<meta name=\"description\" content=\"Fereinhaus, Ferienwohnung, Trier, G\u00e4stebuch, gl\u00fccklich, zufreiden, modern, super Ausstattung, wie neu, wie zu Hause, gem\u00fctlich\" \/>\n<meta name=\"robots\" content=\"index, follow, max-snippet:-1, max-image-preview:large, max-video-preview:-1\" \/>\n<link rel=\"canonical\" href=\"https:\/\/ferienwohnung-trier-heide.de\/en\/gaestebuch\/\" \/>\n<meta property=\"og:locale\" content=\"en_US\" \/>\n<meta property=\"og:type\" content=\"article\" \/>\n<meta property=\"og:title\" content=\"Fereinhaus, Ferienwohnung, Trier, G\u00e4stebuch, gl\u00fccklich, zufreiden\" \/>\n<meta property=\"og:description\" content=\"Fereinhaus, Ferienwohnung, Trier, G\u00e4stebuch, gl\u00fccklich, zufreiden, modern, super Ausstattung, wie neu, wie zu Hause, gem\u00fctlich\" \/>\n<meta property=\"og:url\" content=\"https:\/\/ferienwohnung-trier-heide.de\/en\/gaestebuch\/\" \/>\n<meta property=\"og:site_name\" content=\"Ferienwohnung Trier Heide\" \/>\n<meta property=\"article:modified_time\" content=\"2023-05-26T12:45:37+00:00\" \/>\n<meta property=\"og:image\" content=\"https:\/\/ferienwohnung-trier-heide.de\/wp-content\/uploads\/2023\/05\/Gaeste-598x640.jpg\" \/>\n<meta name=\"twitter:card\" content=\"summary_large_image\" \/>\n<script type=\"application\/ld+json\" class=\"yoast-schema-graph\">{\"@context\":\"https:\/\/schema.org\",\"@graph\":[{\"@type\":\"WebPage\",\"@id\":\"https:\/\/ferienwohnung-trier-heide.de\/en\/gaestebuch\/\",\"url\":\"https:\/\/ferienwohnung-trier-heide.de\/en\/gaestebuch\/\",\"name\":\"Fereinhaus, Ferienwohnung, Trier, G\u00e4stebuch, gl\u00fccklich, zufreiden\",\"isPartOf\":{\"@id\":\"https:\/\/ferienwohnung-trier-heide.de\/#website\"},\"datePublished\":\"2018-02-28T08:37:30+00:00\",\"dateModified\":\"2023-05-26T12:45:37+00:00\",\"description\":\"Fereinhaus, Ferienwohnung, Trier, G\u00e4stebuch, gl\u00fccklich, zufreiden, modern, super Ausstattung, wie neu, wie zu Hause, gem\u00fctlich\",\"breadcrumb\":{\"@id\":\"https:\/\/ferienwohnung-trier-heide.de\/en\/gaestebuch\/#breadcrumb\"},\"inLanguage\":\"en-US\",\"potentialAction\":[{\"@type\":\"ReadAction\",\"target\":[\"https:\/\/ferienwohnung-trier-heide.de\/en\/gaestebuch\/\"]}]},{\"@type\":\"BreadcrumbList\",\"@id\":\"https:\/\/ferienwohnung-trier-heide.de\/en\/gaestebuch\/#breadcrumb\",\"itemListElement\":[{\"@type\":\"ListItem\",\"position\":1,\"name\":\"Home\",\"item\":\"https:\/\/ferienwohnung-trier-heide.de\/en\/frontpage\/\"},{\"@type\":\"ListItem\",\"position\":2,\"name\":\"Guest book\"}]},{\"@type\":\"WebSite\",\"@id\":\"https:\/\/ferienwohnung-trier-heide.de\/#website\",\"url\":\"https:\/\/ferienwohnung-trier-heide.de\/\",\"name\":\"Ferienwohnung Trier Heide\",\"description\":\"\",\"potentialAction\":[{\"@type\":\"SearchAction\",\"target\":{\"@type\":\"EntryPoint\",\"urlTemplate\":\"https:\/\/ferienwohnung-trier-heide.de\/?s={search_term_string}\"},\"query-input\":\"required name=search_term_string\"}],\"inLanguage\":\"en-US\"}]}<\/script>\n<!-- \/ Yoast SEO plugin. -->","yoast_head_json":{"title":"Fereinhaus, Ferienwohnung, Trier, G\u00e4stebuch, gl\u00fccklich, zufreiden","description":"Fereinhaus, Ferienwohnung, Trier, G\u00e4stebuch, gl\u00fccklich, zufreiden, modern, super Ausstattung, wie neu, wie zu Hause, gem\u00fctlich","robots":{"index":"index","follow":"follow","max-snippet":"max-snippet:-1","max-image-preview":"max-image-preview:large","max-video-preview":"max-video-preview:-1"},"canonical":"https:\/\/ferienwohnung-trier-heide.de\/en\/gaestebuch\/","og_locale":"en_US","og_type":"article","og_title":"Fereinhaus, Ferienwohnung, Trier, G\u00e4stebuch, gl\u00fccklich, zufreiden","og_description":"Fereinhaus, Ferienwohnung, Trier, G\u00e4stebuch, gl\u00fccklich, zufreiden, modern, super Ausstattung, wie neu, wie zu Hause, gem\u00fctlich","og_url":"https:\/\/ferienwohnung-trier-heide.de\/en\/gaestebuch\/","og_site_name":"Ferienwohnung Trier Heide","article_modified_time":"2023-05-26T12:45:37+00:00","og_image":[{"url":"https:\/\/ferienwohnung-trier-heide.de\/wp-content\/uploads\/2023\/05\/Gaeste-598x640.jpg"}],"twitter_card":"summary_large_image","schema":{"@context":"https:\/\/schema.org","@graph":[{"@type":"WebPage","@id":"https:\/\/ferienwohnung-trier-heide.de\/en\/gaestebuch\/","url":"https:\/\/ferienwohnung-trier-heide.de\/en\/gaestebuch\/","name":"Fereinhaus, Ferienwohnung, Trier, G\u00e4stebuch, gl\u00fccklich, zufreiden","isPartOf":{"@id":"https:\/\/ferienwohnung-trier-heide.de\/#website"},"datePublished":"2018-02-28T08:37:30+00:00","dateModified":"2023-05-26T12:45:37+00:00","description":"Fereinhaus, Ferienwohnung, Trier, G\u00e4stebuch, gl\u00fccklich, zufreiden, modern, super Ausstattung, wie neu, wie zu Hause, gem\u00fctlich","breadcrumb":{"@id":"https:\/\/ferienwohnung-trier-heide.de\/en\/gaestebuch\/#breadcrumb"},"inLanguage":"en-US","potentialAction":[{"@type":"ReadAction","target":["https:\/\/ferienwohnung-trier-heide.de\/en\/gaestebuch\/"]}]},{"@type":"BreadcrumbList","@id":"https:\/\/ferienwohnung-trier-heide.de\/en\/gaestebuch\/#breadcrumb","itemListElement":[{"@type":"ListItem","position":1,"name":"Home","item":"https:\/\/ferienwohnung-trier-heide.de\/en\/frontpage\/"},{"@type":"ListItem","position":2,"name":"Guest book"}]},{"@type":"WebSite","@id":"https:\/\/ferienwohnung-trier-heide.de\/#website","url":"https:\/\/ferienwohnung-trier-heide.de\/","name":"Ferienwohnung Trier Heide","description":"","potentialAction":[{"@type":"SearchAction","target":{"@type":"EntryPoint","urlTemplate":"https:\/\/ferienwohnung-trier-heide.de\/?s={search_term_string}"},"query-input":"required name=search_term_string"}],"inLanguage":"en-US"}]}},"_links":{"self":[{"href":"https:\/\/ferienwohnung-trier-heide.de\/en\/wp-json\/wp\/v2\/pages\/7635"}],"collection":[{"href":"https:\/\/ferienwohnung-trier-heide.de\/en\/wp-json\/wp\/v2\/pages"}],"about":[{"href":"https:\/\/ferienwohnung-trier-heide.de\/en\/wp-json\/wp\/v2\/types\/page"}],"author":[{"embeddable":true,"href":"https:\/\/ferienwohnung-trier-heide.de\/en\/wp-json\/wp\/v2\/users\/1"}],"replies":[{"embeddable":true,"href":"https:\/\/ferienwohnung-trier-heide.de\/en\/wp-json\/wp\/v2\/comments?post=7635"}],"version-history":[{"count":7,"href":"https:\/\/ferienwohnung-trier-heide.de\/en\/wp-json\/wp\/v2\/pages\/7635\/revisions"}],"predecessor-version":[{"id":7642,"href":"https:\/\/ferienwohnung-trier-heide.de\/en\/wp-json\/wp\/v2\/pages\/7635\/revisions\/7642"}],"wp:attachment":[{"href":"https:\/\/ferienwohnung-trier-heide.de\/en\/wp-json\/wp\/v2\/media?parent=7635"}],"curies":[{"name":"wp","href":"https:\/\/api.w.org\/{rel}","templated":true}]}}